{"id":6646,"date":"2025-10-26T11:17:26","date_gmt":"2025-10-26T10:17:26","guid":{"rendered":"https:\/\/www.canrayo.com\/?page_id=6646"},"modified":"2025-10-26T20:16:49","modified_gmt":"2025-10-26T19:16:49","slug":"cachorros-schnauzer-miniatura","status":"publish","type":"page","link":"https:\/\/www.canrayo.com\/ca\/nuestros-ejemplares\/cachorros-schnauzer-miniatura\/","title":{"rendered":"Cadells de Schnauzer Miniatura"},"content":{"rendered":"<p><center><img loading=\"lazy\" decoding=\"async\" src=\"https:\/\/www.canrayo.com\/wp-content\/uploads\/2019\/10\/Camada-de-Schnauzer-Miniatura-Negro-de-Can-Rayo-2019-10-07-600x299.jpeg\" alt=\"Camada de cachorros de schnauzer miniatura negro de Can Rayo\" width=\"600\" height=\"299\" class=\"aligncenter wp-image-2894 size-medium\" title=\"Camada de schnauzer miniatura negro de Can Rayo\" srcset=\"https:\/\/www.canrayo.com\/wp-content\/uploads\/2019\/10\/Camada-de-Schnauzer-Miniatura-Negro-de-Can-Rayo-2019-10-07-600x299.jpeg 600w, https:\/\/www.canrayo.com\/wp-content\/uploads\/2019\/10\/Camada-de-Schnauzer-Miniatura-Negro-de-Can-Rayo-2019-10-07-768x382.jpeg 768w, https:\/\/www.canrayo.com\/wp-content\/uploads\/2019\/10\/Camada-de-Schnauzer-Miniatura-Negro-de-Can-Rayo-2019-10-07-1024x510.jpeg 1024w, https:\/\/www.canrayo.com\/wp-content\/uploads\/2019\/10\/Camada-de-Schnauzer-Miniatura-Negro-de-Can-Rayo-2019-10-07-150x75.jpeg 150w, https:\/\/www.canrayo.com\/wp-content\/uploads\/2019\/10\/Camada-de-Schnauzer-Miniatura-Negro-de-Can-Rayo-2019-10-07.jpeg 1242w\" sizes=\"auto, (max-width: 600px) 100vw, 600px\" \/><\/center><\/p>\n<h3 style=\"text-align: left;\"><span>Garanties dels nostres cadells de Schnauzer<\/span><\/h3>\n<p>Tots els nostres cadells s\u2019entreguen a partir dels dos mesos de vida amb Cartilla Veterin\u00e0ria Oficial, vacunats, desparasitats, identificats amb microxip a nom del seu futur propietari.<\/p>\n<p>Tanmateix, els cadells s\u2019entregaran amb la notificacio de la correspondent cadellada a la <a href=\"https:\/\/rsce.es\/\" target=\"_blank\" rel=\"noopener\">REAL SOCIEDAD CANINA DE ESPA\u00d1A<\/a>, on hi figuren totes les dades I registres L.O.E. (Pedigree) dels seus progenitors, que el certifica com un exemplar de pura ra\u00e7a que gaudeix d\u2019una garant\u00eda v\u00edrica de 15 dies i gen\u00e8tica de 6 mesos.<\/p>\n<h3 style=\"text-align: left;\">Pruebas gen\u00e9ticas y de ADN<\/h3>\n<p>A Can Rayo realitzem proves d&#8217;ADN a totes les ventradas nascudes, per assegurar la qualitat i la gen\u00e8tica dels nostres cadells de Schnauzer Miniatura negre. Per aix\u00f2, incorporem al nostre elenc de laboratoris Labocor Combibreed com a garants de la tra\u00e7abilitat gen\u00e8tica de l&#8217;ADN de tots els nostres exemplars que s\u00f3n, aix\u00ed mateix, registrats a la base de dades de la RSCE.<br \/>\n<a href=\"https:\/\/laboratorios-labocor.com\/\" target=\"_blank\" rel=\"noopener\"><img loading=\"lazy\" decoding=\"async\" src=\"https:\/\/www.canrayo.com\/wp-content\/uploads\/2025\/10\/laboratorios-labocor.png\" alt=\"\" widht=\"120\" class=\"aligncenter wp-image-6664\" width=\"304\" height=\"98\" \/><\/a><\/p>\n<p><a href=\"https:\/\/www.combibreed.es\/\" target=\"_blank\" rel=\"noopener\"><img loading=\"lazy\" decoding=\"async\" src=\"https:\/\/www.canrayo.com\/wp-content\/uploads\/2025\/10\/CombiBreed-VHLGenetics.png\" alt=\"\" width=\"284\" height=\"84\" class=\"aligncenter wp-image-6664\" \/><\/a><\/p>\n<p>Addicionalment, tots els nostres gossos reproductors han passat els tests gen\u00e8tics de Laboklin.<\/p>\n<p><a href=\"https:\/\/laboklin.es\/\" target=\"_blank\" rel=\"noopener\"><img loading=\"lazy\" decoding=\"async\" src=\"https:\/\/www.canrayo.com\/wp-content\/uploads\/2022\/05\/Laboklin-logo-e1653561647335-600x147.jpg\" alt=\"Laboklin Laboratorio de Diagn\u00f3stico Cl\u00ednico Veterinario\" widht=\"200\" class=\"aligncenter wp-image-4460\" width=\"367\" height=\"90\" srcset=\"https:\/\/www.canrayo.com\/wp-content\/uploads\/2022\/05\/Laboklin-logo-e1653561647335-600x147.jpg 600w, https:\/\/www.canrayo.com\/wp-content\/uploads\/2022\/05\/Laboklin-logo-e1653561647335-1024x252.jpg 1024w, https:\/\/www.canrayo.com\/wp-content\/uploads\/2022\/05\/Laboklin-logo-e1653561647335-768x189.jpg 768w, https:\/\/www.canrayo.com\/wp-content\/uploads\/2022\/05\/Laboklin-logo-e1653561647335-150x37.jpg 150w, https:\/\/www.canrayo.com\/wp-content\/uploads\/2022\/05\/Laboklin-logo-e1653561647335.jpg 1237w\" sizes=\"auto, (max-width: 367px) 100vw, 367px\" \/><\/a><\/p>\n<h3 style=\"text-align: left;\"><span>Vols m\u00e9s informaci\u00f3?<\/span><\/h3>\n<p style=\"text-align: left;\"><span>Posa&#8217;t en contacte amb nosaltres. Pots trobar el nostre n\u00famero de tel\u00e8fon, o enviar-nos un correu electr\u00f2nic, a la nostra <a href=\"\/ca\/contacto\/\">p\u00e0gina de contacte.<\/a><\/span><\/p>\n<p><img loading=\"lazy\" decoding=\"async\" src=\"https:\/\/www.canrayo.com\/wp-content\/uploads\/2015\/12\/Cachorros-de-Schauzer-Miniatura-Negro-Can-Rayo-600x214.jpg\" alt=\"\" width=\"600\" height=\"214\" class=\"aligncenter wp-image-1454 size-medium\" srcset=\"https:\/\/www.canrayo.com\/wp-content\/uploads\/2015\/12\/Cachorros-de-Schauzer-Miniatura-Negro-Can-Rayo-600x214.jpg 600w, https:\/\/www.canrayo.com\/wp-content\/uploads\/2015\/12\/Cachorros-de-Schauzer-Miniatura-Negro-Can-Rayo-1024x365.jpg 1024w, https:\/\/www.canrayo.com\/wp-content\/uploads\/2015\/12\/Cachorros-de-Schauzer-Miniatura-Negro-Can-Rayo-250x89.jpg 250w, https:\/\/www.canrayo.com\/wp-content\/uploads\/2015\/12\/Cachorros-de-Schauzer-Miniatura-Negro-Can-Rayo-150x53.jpg 150w, https:\/\/www.canrayo.com\/wp-content\/uploads\/2015\/12\/Cachorros-de-Schauzer-Miniatura-Negro-Can-Rayo.jpg 1299w\" sizes=\"auto, (max-width: 600px) 100vw, 600px\" \/><\/p>\n<p>&nbsp;<\/p>\n","protected":false},"excerpt":{"rendered":"<p>Garanties dels nostres cadells de Schnauzer Tots els nostres cadells s\u2019entreguen a partir dels dos mesos de vida amb Cartilla Veterin\u00e0ria Oficial, vacunats, desparasitats, identificats amb microxip a nom del seu futur propietari. Tanmateix, els cadells s\u2019entregaran amb la notificacio de la correspondent cadellada a la REAL SOCIEDAD CANINA DE [&hellip;]<\/p>\n","protected":false},"author":4,"featured_media":0,"parent":17,"menu_order":0,"comment_status":"closed","ping_status":"closed","template":"","meta":{"footnotes":""},"class_list":["post-6646","page","type-page","status-publish","hentry"],"yoast_head":"<!-- This site is optimized with the Yoast SEO plugin v27.3 - https:\/\/yoast.com\/product\/yoast-seo-wordpress\/ -->\n<title>Cadells de Schnauzer Miniatura - Schnauzer Miniatura Negro de Can Rayo<\/title>\n<meta name=\"description\" content=\"Cadells de schnauzer miniatura negre seleccionats d&#039;alta qualitat a Barcelona. Pedigr\u00ed espectacular. Brancs de nucli autoritzat per zool\u00f2gic.\" \/>\n<meta name=\"robots\" content=\"index, follow, max-snippet:-1, max-image-preview:large, max-video-preview:-1\" \/>\n<link rel=\"canonical\" href=\"https:\/\/www.canrayo.com\/ca\/nuestros-ejemplares\/cachorros-schnauzer-miniatura\/\" \/>\n<meta property=\"og:locale\" content=\"es_ES\" \/>\n<meta property=\"og:locale:alternate\" content=\"en_US\" \/>\n<meta property=\"og:locale:alternate\" content=\"es_ES\" \/>\n<meta property=\"og:type\" content=\"article\" \/>\n<meta property=\"og:title\" content=\"Cadells de Schnauzer Miniatura - Schnauzer Miniatura Negro de Can Rayo\" \/>\n<meta property=\"og:description\" content=\"Cadells de schnauzer miniatura negre seleccionats d&#039;alta qualitat a Barcelona. Pedigr\u00ed espectacular. Brancs de nucli autoritzat per zool\u00f2gic.\" \/>\n<meta property=\"og:url\" content=\"https:\/\/www.canrayo.com\/ca\/nuestros-ejemplares\/cachorros-schnauzer-miniatura\/\" \/>\n<meta property=\"og:site_name\" content=\"Schnauzer Miniatura Negro de Can Rayo\" \/>\n<meta property=\"article:publisher\" content=\"https:\/\/www.facebook.com\/can.rayo\" \/>\n<meta property=\"article:modified_time\" content=\"2025-10-26T19:16:49+00:00\" \/>\n<meta property=\"og:image\" content=\"https:\/\/www.canrayo.com\/wp-content\/uploads\/2019\/10\/Camada-de-Schnauzer-Miniatura-Negro-de-Can-Rayo-2019-10-07.jpeg\" \/>\n\t<meta property=\"og:image:width\" content=\"1242\" \/>\n\t<meta property=\"og:image:height\" content=\"618\" \/>\n\t<meta property=\"og:image:type\" content=\"image\/jpeg\" \/>\n<meta name=\"twitter:card\" content=\"summary_large_image\" \/>\n<meta name=\"twitter:label1\" content=\"Est. reading time\" \/>\n\t<meta name=\"twitter:data1\" content=\"2 minutes\" \/>\n<script type=\"application\/ld+json\" class=\"yoast-schema-graph\">{\"@context\":\"https:\\\/\\\/schema.org\",\"@graph\":[{\"@type\":\"WebPage\",\"@id\":\"https:\\\/\\\/www.canrayo.com\\\/ca\\\/nuestros-ejemplares\\\/cachorros-schnauzer-miniatura\\\/\",\"url\":\"https:\\\/\\\/www.canrayo.com\\\/ca\\\/nuestros-ejemplares\\\/cachorros-schnauzer-miniatura\\\/\",\"name\":\"Cadells de Schnauzer Miniatura - Schnauzer Miniatura Negro de Can Rayo\",\"isPartOf\":{\"@id\":\"https:\\\/\\\/www.canrayo.com\\\/#website\"},\"primaryImageOfPage\":{\"@id\":\"https:\\\/\\\/www.canrayo.com\\\/ca\\\/nuestros-ejemplares\\\/cachorros-schnauzer-miniatura\\\/#primaryimage\"},\"image\":{\"@id\":\"https:\\\/\\\/www.canrayo.com\\\/ca\\\/nuestros-ejemplares\\\/cachorros-schnauzer-miniatura\\\/#primaryimage\"},\"thumbnailUrl\":\"https:\\\/\\\/www.canrayo.com\\\/wp-content\\\/uploads\\\/2019\\\/10\\\/Camada-de-Schnauzer-Miniatura-Negro-de-Can-Rayo-2019-10-07-600x299.jpeg\",\"datePublished\":\"2025-10-26T10:17:26+00:00\",\"dateModified\":\"2025-10-26T19:16:49+00:00\",\"description\":\"Cadells de schnauzer miniatura negre seleccionats d'alta qualitat a Barcelona. Pedigr\u00ed espectacular. Brancs de nucli autoritzat per zool\u00f2gic.\",\"breadcrumb\":{\"@id\":\"https:\\\/\\\/www.canrayo.com\\\/ca\\\/nuestros-ejemplares\\\/cachorros-schnauzer-miniatura\\\/#breadcrumb\"},\"inLanguage\":\"es-CA\",\"potentialAction\":[{\"@type\":\"ReadAction\",\"target\":[\"https:\\\/\\\/www.canrayo.com\\\/ca\\\/nuestros-ejemplares\\\/cachorros-schnauzer-miniatura\\\/\"]}]},{\"@type\":\"ImageObject\",\"inLanguage\":\"es-CA\",\"@id\":\"https:\\\/\\\/www.canrayo.com\\\/ca\\\/nuestros-ejemplares\\\/cachorros-schnauzer-miniatura\\\/#primaryimage\",\"url\":\"https:\\\/\\\/www.canrayo.com\\\/wp-content\\\/uploads\\\/2019\\\/10\\\/Camada-de-Schnauzer-Miniatura-Negro-de-Can-Rayo-2019-10-07-600x299.jpeg\",\"contentUrl\":\"https:\\\/\\\/www.canrayo.com\\\/wp-content\\\/uploads\\\/2019\\\/10\\\/Camada-de-Schnauzer-Miniatura-Negro-de-Can-Rayo-2019-10-07-600x299.jpeg\"},{\"@type\":\"BreadcrumbList\",\"@id\":\"https:\\\/\\\/www.canrayo.com\\\/ca\\\/nuestros-ejemplares\\\/cachorros-schnauzer-miniatura\\\/#breadcrumb\",\"itemListElement\":[{\"@type\":\"ListItem\",\"position\":1,\"name\":\"Portada\",\"item\":\"https:\\\/\\\/www.canrayo.com\\\/ca\\\/\"},{\"@type\":\"ListItem\",\"position\":2,\"name\":\"Nuestros ejemplares\",\"item\":\"https:\\\/\\\/www.canrayo.com\\\/nuestros-ejemplares\\\/\"},{\"@type\":\"ListItem\",\"position\":3,\"name\":\"Cadells de Schnauzer Miniatura\"}]},{\"@type\":\"WebSite\",\"@id\":\"https:\\\/\\\/www.canrayo.com\\\/#website\",\"url\":\"https:\\\/\\\/www.canrayo.com\\\/\",\"name\":\"Schnauzer Miniatura Negro de Can Rayo\",\"description\":\"Can Rayo. Criador de Schnauzer Miniatura Negro - Afijo RSCE 528 \u2013 FCI 30\\\/71\",\"publisher\":{\"@id\":\"https:\\\/\\\/www.canrayo.com\\\/#organization\"},\"potentialAction\":[{\"@type\":\"SearchAction\",\"target\":{\"@type\":\"EntryPoint\",\"urlTemplate\":\"https:\\\/\\\/www.canrayo.com\\\/?s={search_term_string}\"},\"query-input\":{\"@type\":\"PropertyValueSpecification\",\"valueRequired\":true,\"valueName\":\"search_term_string\"}}],\"inLanguage\":\"es-CA\"},{\"@type\":\"Organization\",\"@id\":\"https:\\\/\\\/www.canrayo.com\\\/#organization\",\"name\":\"Schnauzer Miniatura Negro de Can Rayo\",\"url\":\"https:\\\/\\\/www.canrayo.com\\\/\",\"logo\":{\"@type\":\"ImageObject\",\"inLanguage\":\"es-CA\",\"@id\":\"https:\\\/\\\/www.canrayo.com\\\/#\\\/schema\\\/logo\\\/image\\\/\",\"url\":\"https:\\\/\\\/www.canrayo.com\\\/wp-content\\\/uploads\\\/2022\\\/05\\\/logo-rojo-fondo-transparente.png\",\"contentUrl\":\"https:\\\/\\\/www.canrayo.com\\\/wp-content\\\/uploads\\\/2022\\\/05\\\/logo-rojo-fondo-transparente.png\",\"width\":2272,\"height\":494,\"caption\":\"Schnauzer Miniatura Negro de Can Rayo\"},\"image\":{\"@id\":\"https:\\\/\\\/www.canrayo.com\\\/#\\\/schema\\\/logo\\\/image\\\/\"},\"sameAs\":[\"https:\\\/\\\/www.facebook.com\\\/can.rayo\",\"https:\\\/\\\/www.instagram.com\\\/canrayo_schnauzer\"]}]}<\/script>\n<!-- \/ Yoast SEO plugin. -->","yoast_head_json":{"title":"Cadells de Schnauzer Miniatura - Schnauzer Miniatura Negro de Can Rayo","description":"Cadells de schnauzer miniatura negre seleccionats d'alta qualitat a Barcelona. Pedigr\u00ed espectacular. Brancs de nucli autoritzat per zool\u00f2gic.","robots":{"index":"index","follow":"follow","max-snippet":"max-snippet:-1","max-image-preview":"max-image-preview:large","max-video-preview":"max-video-preview:-1"},"canonical":"https:\/\/www.canrayo.com\/ca\/nuestros-ejemplares\/cachorros-schnauzer-miniatura\/","og_locale":"es_ES","og_type":"article","og_title":"Cadells de Schnauzer Miniatura - Schnauzer Miniatura Negro de Can Rayo","og_description":"[:en]High-quality selected black miniature schnauzer puppies in Barcelona. Spectacular pedigree. Litters from an authorized zoological core.[:ca]Cadells de schnauzer miniatura negre seleccionats d'alta qualitat a Barcelona. Pedigr\u00ed espectacular. Brancs de nucli autoritzat per zool\u00f2gic.[:es]Cachorros de schnauzer miniatura negro seleccionados de alta calidad en Barcelona. Pedigree espectacular. Camadas de n\u00facleo zool\u00f3gico autorizado.[:]","og_url":"https:\/\/www.canrayo.com\/ca\/nuestros-ejemplares\/cachorros-schnauzer-miniatura\/","og_site_name":"Schnauzer Miniatura Negro de Can Rayo","article_publisher":"https:\/\/www.facebook.com\/can.rayo","article_modified_time":"2025-10-26T19:16:49+00:00","og_image":[{"width":1242,"height":618,"url":"https:\/\/www.canrayo.com\/wp-content\/uploads\/2019\/10\/Camada-de-Schnauzer-Miniatura-Negro-de-Can-Rayo-2019-10-07.jpeg","type":"image\/jpeg"}],"twitter_card":"summary_large_image","twitter_misc":{"Est. reading time":"2 minutes"},"schema":{"@context":"https:\/\/schema.org","@graph":[{"@type":"WebPage","@id":"https:\/\/www.canrayo.com\/ca\/nuestros-ejemplares\/cachorros-schnauzer-miniatura\/","url":"https:\/\/www.canrayo.com\/ca\/nuestros-ejemplares\/cachorros-schnauzer-miniatura\/","name":"Cadells de Schnauzer Miniatura - Schnauzer Miniatura Negro de Can Rayo","isPartOf":{"@id":"https:\/\/www.canrayo.com\/#website"},"primaryImageOfPage":{"@id":"https:\/\/www.canrayo.com\/ca\/nuestros-ejemplares\/cachorros-schnauzer-miniatura\/#primaryimage"},"image":{"@id":"https:\/\/www.canrayo.com\/ca\/nuestros-ejemplares\/cachorros-schnauzer-miniatura\/#primaryimage"},"thumbnailUrl":"https:\/\/www.canrayo.com\/wp-content\/uploads\/2019\/10\/Camada-de-Schnauzer-Miniatura-Negro-de-Can-Rayo-2019-10-07-600x299.jpeg","datePublished":"2025-10-26T10:17:26+00:00","dateModified":"2025-10-26T19:16:49+00:00","description":"Cadells de schnauzer miniatura negre seleccionats d'alta qualitat a Barcelona. Pedigr\u00ed espectacular. Brancs de nucli autoritzat per zool\u00f2gic.","breadcrumb":{"@id":"https:\/\/www.canrayo.com\/ca\/nuestros-ejemplares\/cachorros-schnauzer-miniatura\/#breadcrumb"},"inLanguage":"es-CA","potentialAction":[{"@type":"ReadAction","target":["https:\/\/www.canrayo.com\/ca\/nuestros-ejemplares\/cachorros-schnauzer-miniatura\/"]}]},{"@type":"ImageObject","inLanguage":"es-CA","@id":"https:\/\/www.canrayo.com\/ca\/nuestros-ejemplares\/cachorros-schnauzer-miniatura\/#primaryimage","url":"https:\/\/www.canrayo.com\/wp-content\/uploads\/2019\/10\/Camada-de-Schnauzer-Miniatura-Negro-de-Can-Rayo-2019-10-07-600x299.jpeg","contentUrl":"https:\/\/www.canrayo.com\/wp-content\/uploads\/2019\/10\/Camada-de-Schnauzer-Miniatura-Negro-de-Can-Rayo-2019-10-07-600x299.jpeg"},{"@type":"BreadcrumbList","@id":"https:\/\/www.canrayo.com\/ca\/nuestros-ejemplares\/cachorros-schnauzer-miniatura\/#breadcrumb","itemListElement":[{"@type":"ListItem","position":1,"name":"Portada","item":"https:\/\/www.canrayo.com\/ca\/"},{"@type":"ListItem","position":2,"name":"Nuestros ejemplares","item":"https:\/\/www.canrayo.com\/nuestros-ejemplares\/"},{"@type":"ListItem","position":3,"name":"Cadells de Schnauzer Miniatura"}]},{"@type":"WebSite","@id":"https:\/\/www.canrayo.com\/#website","url":"https:\/\/www.canrayo.com\/","name":"Schnauzer Miniatura Negro de Can Rayo","description":"Can Rayo. Criador de Schnauzer Miniatura Negro - Afijo RSCE 528 \u2013 FCI 30\/71","publisher":{"@id":"https:\/\/www.canrayo.com\/#organization"},"potentialAction":[{"@type":"SearchAction","target":{"@type":"EntryPoint","urlTemplate":"https:\/\/www.canrayo.com\/?s={search_term_string}"},"query-input":{"@type":"PropertyValueSpecification","valueRequired":true,"valueName":"search_term_string"}}],"inLanguage":"es-CA"},{"@type":"Organization","@id":"https:\/\/www.canrayo.com\/#organization","name":"Schnauzer Miniatura Negro de Can Rayo","url":"https:\/\/www.canrayo.com\/","logo":{"@type":"ImageObject","inLanguage":"es-CA","@id":"https:\/\/www.canrayo.com\/#\/schema\/logo\/image\/","url":"https:\/\/www.canrayo.com\/wp-content\/uploads\/2022\/05\/logo-rojo-fondo-transparente.png","contentUrl":"https:\/\/www.canrayo.com\/wp-content\/uploads\/2022\/05\/logo-rojo-fondo-transparente.png","width":2272,"height":494,"caption":"Schnauzer Miniatura Negro de Can Rayo"},"image":{"@id":"https:\/\/www.canrayo.com\/#\/schema\/logo\/image\/"},"sameAs":["https:\/\/www.facebook.com\/can.rayo","https:\/\/www.instagram.com\/canrayo_schnauzer"]}]}},"_links":{"self":[{"href":"https:\/\/www.canrayo.com\/ca\/wp-json\/wp\/v2\/pages\/6646","targetHints":{"allow":["GET"]}}],"collection":[{"href":"https:\/\/www.canrayo.com\/ca\/wp-json\/wp\/v2\/pages"}],"about":[{"href":"https:\/\/www.canrayo.com\/ca\/wp-json\/wp\/v2\/types\/page"}],"author":[{"embeddable":true,"href":"https:\/\/www.canrayo.com\/ca\/wp-json\/wp\/v2\/users\/4"}],"replies":[{"embeddable":true,"href":"https:\/\/www.canrayo.com\/ca\/wp-json\/wp\/v2\/comments?post=6646"}],"version-history":[{"count":26,"href":"https:\/\/www.canrayo.com\/ca\/wp-json\/wp\/v2\/pages\/6646\/revisions"}],"predecessor-version":[{"id":6690,"href":"https:\/\/www.canrayo.com\/ca\/wp-json\/wp\/v2\/pages\/6646\/revisions\/6690"}],"up":[{"embeddable":true,"href":"https:\/\/www.canrayo.com\/ca\/wp-json\/wp\/v2\/pages\/17"}],"wp:attachment":[{"href":"https:\/\/www.canrayo.com\/ca\/wp-json\/wp\/v2\/media?parent=6646"}],"curies":[{"name":"wp","href":"https:\/\/api.w.org\/{rel}","templated":true}]}}