{"id":6719,"date":"2025-11-29T11:36:06","date_gmt":"2025-11-29T10:36:06","guid":{"rendered":"https:\/\/www.canrayo.com\/?page_id=6719"},"modified":"2025-11-29T11:45:08","modified_gmt":"2025-11-29T10:45:08","slug":"acerca-de-can-rayo","status":"publish","type":"page","link":"https:\/\/www.canrayo.com\/ca\/acerca-de-can-rayo\/","title":{"rendered":"Acerca de Can Rayo"},"content":{"rendered":"<h2>\u00bfQui\u00e9nes somos?<\/h2>\n<h3><span style=\"color: #ff0000;\">Schnauzers Can Rayo<\/span><\/h3>\n<p><a href=\"https:\/\/www.canrayo.com\/xxviii-tarragona-ids-2025\/miquel-y-olga-con-schnuzer-miniatura-negro-ziggy-stardust-de-can-rayo\/\" rel=\"attachment noopener wp-att-6485\" target=\"_blank\"><img loading=\"lazy\" decoding=\"async\" src=\"https:\/\/www.canrayo.com\/wp-content\/uploads\/2025\/03\/Miquel-y-Olga-con-Schnuzer-miniatura-negro-Ziggy-Stardust-de-CAN-RAYO-408x600.jpg\" alt=\"Miquel y Olga\" width=\"408\" height=\"600\" class=\"aligncenter wp-image-6485 size-medium\" srcset=\"https:\/\/www.canrayo.com\/wp-content\/uploads\/2025\/03\/Miquel-y-Olga-con-Schnuzer-miniatura-negro-Ziggy-Stardust-de-CAN-RAYO-408x600.jpg 408w, https:\/\/www.canrayo.com\/wp-content\/uploads\/2025\/03\/Miquel-y-Olga-con-Schnuzer-miniatura-negro-Ziggy-Stardust-de-CAN-RAYO-696x1024.jpg 696w, https:\/\/www.canrayo.com\/wp-content\/uploads\/2025\/03\/Miquel-y-Olga-con-Schnuzer-miniatura-negro-Ziggy-Stardust-de-CAN-RAYO-768x1130.jpg 768w, https:\/\/www.canrayo.com\/wp-content\/uploads\/2025\/03\/Miquel-y-Olga-con-Schnuzer-miniatura-negro-Ziggy-Stardust-de-CAN-RAYO-1044x1536.jpg 1044w, https:\/\/www.canrayo.com\/wp-content\/uploads\/2025\/03\/Miquel-y-Olga-con-Schnuzer-miniatura-negro-Ziggy-Stardust-de-CAN-RAYO.jpg 1392w\" sizes=\"auto, (max-width: 408px) 100vw, 408px\" \/><\/a><\/p>\n<p>Schnauzer Miniatura Negro en la provincia de Barcelona.<br \/>\nN\u00facleo zool\u00f3gico autorizado B-2501251.<br \/>\nAfijo RSCE 528, desde el a\u00f1o 1971 \u2013 FCI 30\/71.<\/p>\n<h3><\/h3>\n<p><a href=\"https:\/\/www.canrayo.com\/acerca-de-can-rayo\/miquel-brunells-criador-de-schanuzer-miniatura-y-propietario-del-afijo-can-rayo-con-cooper-s-de-can-rayo\/\" rel=\"attachment noopener wp-att-6720\" target=\"_blank\"><img loading=\"lazy\" decoding=\"async\" src=\"https:\/\/www.canrayo.com\/wp-content\/uploads\/2025\/11\/Miquel-Brunells-criador-de-Schanuzer-Miniatura-y-propietario-del-afijo-Can-Rayo-con-Cooper-S-de-CAN-RAYO-387x600.jpg\" alt=\"\" width=\"387\" height=\"600\" class=\"aligncenter wp-image-6720 size-medium\" srcset=\"https:\/\/www.canrayo.com\/wp-content\/uploads\/2025\/11\/Miquel-Brunells-criador-de-Schanuzer-Miniatura-y-propietario-del-afijo-Can-Rayo-con-Cooper-S-de-CAN-RAYO-387x600.jpg 387w, https:\/\/www.canrayo.com\/wp-content\/uploads\/2025\/11\/Miquel-Brunells-criador-de-Schanuzer-Miniatura-y-propietario-del-afijo-Can-Rayo-con-Cooper-S-de-CAN-RAYO-661x1024.jpg 661w, https:\/\/www.canrayo.com\/wp-content\/uploads\/2025\/11\/Miquel-Brunells-criador-de-Schanuzer-Miniatura-y-propietario-del-afijo-Can-Rayo-con-Cooper-S-de-CAN-RAYO-768x1190.jpg 768w, https:\/\/www.canrayo.com\/wp-content\/uploads\/2025\/11\/Miquel-Brunells-criador-de-Schanuzer-Miniatura-y-propietario-del-afijo-Can-Rayo-con-Cooper-S-de-CAN-RAYO-991x1536.jpg 991w, https:\/\/www.canrayo.com\/wp-content\/uploads\/2025\/11\/Miquel-Brunells-criador-de-Schanuzer-Miniatura-y-propietario-del-afijo-Can-Rayo-con-Cooper-S-de-CAN-RAYO.jpg 1228w\" sizes=\"auto, (max-width: 387px) 100vw, 387px\" \/><\/a><\/p>\n<h3>Miquel Brunells<\/h3>\n<p>M\u00e1ster Etolog\u00eda Cl\u00ednica Universitat Aut\u00f2noma de Barcelona.<br \/>\nAsistente T\u00e9cnico Veterinario \u2013 UABPP.<br \/>\nPropietario del afijo Can Rayo y criador de schnauzer miniatura negro.<\/p>\n<p>&nbsp;<\/p>\n<p>Enlaces de interes:<\/p>\n<ul>\n<li><a href=\"https:\/\/www.canrayo.com\/contacto\/\">Contacta con nosotros<\/a><\/li>\n<li><a href=\"https:\/\/www.canrayo.com\/historia\/\">La historia de Can Rayo<\/a><\/li>\n<\/ul>\n","protected":false},"excerpt":{"rendered":"<p>\u00bfQui\u00e9nes somos? Schnauzers Can Rayo Schnauzer Miniatura Negro en la provincia de Barcelona. N\u00facleo zool\u00f3gico autorizado B-2501251. Afijo RSCE 528, desde el a\u00f1o 1971 \u2013 FCI 30\/71. Miquel Brunells M\u00e1ster Etolog\u00eda Cl\u00ednica Universitat Aut\u00f2noma de Barcelona. Asistente T\u00e9cnico Veterinario \u2013 UABPP. Propietario del afijo Can Rayo y criador de schnauzer [&hellip;]<\/p>\n","protected":false},"author":4,"featured_media":0,"parent":0,"menu_order":0,"comment_status":"closed","ping_status":"closed","template":"","meta":{"footnotes":""},"class_list":["post-6719","page","type-page","status-publish","hentry"],"yoast_head":"<!-- This site is optimized with the Yoast SEO plugin v27.3 - https:\/\/yoast.com\/product\/yoast-seo-wordpress\/ -->\n<title>Acerca de Can Rayo - Schnauzer Miniatura Negro de Can Rayo<\/title>\n<meta name=\"description\" content=\"\u00bfQui\u00e9nes somos? Miquel Brunells, propietario del afijo Can Rayo y criador de schnauzer miniatura negro. Barcelona.\" \/>\n<meta name=\"robots\" content=\"index, follow, max-snippet:-1, max-image-preview:large, max-video-preview:-1\" \/>\n<link rel=\"canonical\" href=\"https:\/\/www.canrayo.com\/ca\/acerca-de-can-rayo\/\" \/>\n<meta property=\"og:locale\" content=\"es_ES\" \/>\n<meta property=\"og:locale:alternate\" content=\"en_US\" \/>\n<meta property=\"og:locale:alternate\" content=\"es_ES\" \/>\n<meta property=\"og:type\" content=\"article\" \/>\n<meta property=\"og:title\" content=\"Acerca de Can Rayo - Schnauzer Miniatura Negro de Can Rayo\" \/>\n<meta property=\"og:description\" content=\"\u00bfQui\u00e9nes somos? Miquel Brunells, propietario del afijo Can Rayo y criador de schnauzer miniatura negro. Barcelona.\" \/>\n<meta property=\"og:url\" content=\"https:\/\/www.canrayo.com\/ca\/acerca-de-can-rayo\/\" \/>\n<meta property=\"og:site_name\" content=\"Schnauzer Miniatura Negro de Can Rayo\" \/>\n<meta property=\"article:publisher\" content=\"https:\/\/www.facebook.com\/can.rayo\" \/>\n<meta property=\"article:modified_time\" content=\"2025-11-29T10:45:08+00:00\" \/>\n<meta property=\"og:image\" content=\"https:\/\/www.canrayo.com\/wp-content\/uploads\/2025\/03\/Miquel-y-Olga-con-Schnuzer-miniatura-negro-Ziggy-Stardust-de-CAN-RAYO.jpg\" \/>\n\t<meta property=\"og:image:width\" content=\"1392\" \/>\n\t<meta property=\"og:image:height\" content=\"2048\" \/>\n\t<meta property=\"og:image:type\" content=\"image\/jpeg\" \/>\n<meta name=\"twitter:card\" content=\"summary_large_image\" \/>\n<meta name=\"twitter:label1\" content=\"Est. reading time\" \/>\n\t<meta name=\"twitter:data1\" content=\"1 minute\" \/>\n<script type=\"application\/ld+json\" class=\"yoast-schema-graph\">{\"@context\":\"https:\\\/\\\/schema.org\",\"@graph\":[{\"@type\":\"WebPage\",\"@id\":\"https:\\\/\\\/www.canrayo.com\\\/acerca-de-can-rayo\\\/\",\"url\":\"https:\\\/\\\/www.canrayo.com\\\/acerca-de-can-rayo\\\/\",\"name\":\"Acerca de Can Rayo - Schnauzer Miniatura Negro de Can Rayo\",\"isPartOf\":{\"@id\":\"https:\\\/\\\/www.canrayo.com\\\/#website\"},\"primaryImageOfPage\":{\"@id\":\"https:\\\/\\\/www.canrayo.com\\\/acerca-de-can-rayo\\\/#primaryimage\"},\"image\":{\"@id\":\"https:\\\/\\\/www.canrayo.com\\\/acerca-de-can-rayo\\\/#primaryimage\"},\"thumbnailUrl\":\"https:\\\/\\\/www.canrayo.com\\\/wp-content\\\/uploads\\\/2025\\\/03\\\/Miquel-y-Olga-con-Schnuzer-miniatura-negro-Ziggy-Stardust-de-CAN-RAYO-408x600.jpg\",\"datePublished\":\"2025-11-29T10:36:06+00:00\",\"dateModified\":\"2025-11-29T10:45:08+00:00\",\"description\":\"\u00bfQui\u00e9nes somos? Miquel Brunells, propietario del afijo Can Rayo y criador de schnauzer miniatura negro. Barcelona.\",\"breadcrumb\":{\"@id\":\"https:\\\/\\\/www.canrayo.com\\\/acerca-de-can-rayo\\\/#breadcrumb\"},\"inLanguage\":\"es-CA\",\"potentialAction\":[{\"@type\":\"ReadAction\",\"target\":[\"https:\\\/\\\/www.canrayo.com\\\/acerca-de-can-rayo\\\/\"]}]},{\"@type\":\"ImageObject\",\"inLanguage\":\"es-CA\",\"@id\":\"https:\\\/\\\/www.canrayo.com\\\/acerca-de-can-rayo\\\/#primaryimage\",\"url\":\"https:\\\/\\\/www.canrayo.com\\\/wp-content\\\/uploads\\\/2025\\\/03\\\/Miquel-y-Olga-con-Schnuzer-miniatura-negro-Ziggy-Stardust-de-CAN-RAYO-408x600.jpg\",\"contentUrl\":\"https:\\\/\\\/www.canrayo.com\\\/wp-content\\\/uploads\\\/2025\\\/03\\\/Miquel-y-Olga-con-Schnuzer-miniatura-negro-Ziggy-Stardust-de-CAN-RAYO-408x600.jpg\"},{\"@type\":\"BreadcrumbList\",\"@id\":\"https:\\\/\\\/www.canrayo.com\\\/acerca-de-can-rayo\\\/#breadcrumb\",\"itemListElement\":[{\"@type\":\"ListItem\",\"position\":1,\"name\":\"Portada\",\"item\":\"https:\\\/\\\/www.canrayo.com\\\/ca\\\/\"},{\"@type\":\"ListItem\",\"position\":2,\"name\":\"Acerca de Can Rayo\"}]},{\"@type\":\"WebSite\",\"@id\":\"https:\\\/\\\/www.canrayo.com\\\/#website\",\"url\":\"https:\\\/\\\/www.canrayo.com\\\/\",\"name\":\"Schnauzer Miniatura Negro de Can Rayo\",\"description\":\"Can Rayo. Criador de Schnauzer Miniatura Negro - Afijo RSCE 528 \u2013 FCI 30\\\/71\",\"publisher\":{\"@id\":\"https:\\\/\\\/www.canrayo.com\\\/#organization\"},\"potentialAction\":[{\"@type\":\"SearchAction\",\"target\":{\"@type\":\"EntryPoint\",\"urlTemplate\":\"https:\\\/\\\/www.canrayo.com\\\/?s={search_term_string}\"},\"query-input\":{\"@type\":\"PropertyValueSpecification\",\"valueRequired\":true,\"valueName\":\"search_term_string\"}}],\"inLanguage\":\"es-CA\"},{\"@type\":\"Organization\",\"@id\":\"https:\\\/\\\/www.canrayo.com\\\/#organization\",\"name\":\"Schnauzer Miniatura Negro de Can Rayo\",\"url\":\"https:\\\/\\\/www.canrayo.com\\\/\",\"logo\":{\"@type\":\"ImageObject\",\"inLanguage\":\"es-CA\",\"@id\":\"https:\\\/\\\/www.canrayo.com\\\/#\\\/schema\\\/logo\\\/image\\\/\",\"url\":\"https:\\\/\\\/www.canrayo.com\\\/wp-content\\\/uploads\\\/2022\\\/05\\\/logo-rojo-fondo-transparente.png\",\"contentUrl\":\"https:\\\/\\\/www.canrayo.com\\\/wp-content\\\/uploads\\\/2022\\\/05\\\/logo-rojo-fondo-transparente.png\",\"width\":2272,\"height\":494,\"caption\":\"Schnauzer Miniatura Negro de Can Rayo\"},\"image\":{\"@id\":\"https:\\\/\\\/www.canrayo.com\\\/#\\\/schema\\\/logo\\\/image\\\/\"},\"sameAs\":[\"https:\\\/\\\/www.facebook.com\\\/can.rayo\",\"https:\\\/\\\/www.instagram.com\\\/canrayo_schnauzer\"]}]}<\/script>\n<!-- \/ Yoast SEO plugin. -->","yoast_head_json":{"title":"Acerca de Can Rayo - Schnauzer Miniatura Negro de Can Rayo","description":"\u00bfQui\u00e9nes somos? Miquel Brunells, propietario del afijo Can Rayo y criador de schnauzer miniatura negro. Barcelona.","robots":{"index":"index","follow":"follow","max-snippet":"max-snippet:-1","max-image-preview":"max-image-preview:large","max-video-preview":"max-video-preview:-1"},"canonical":"https:\/\/www.canrayo.com\/ca\/acerca-de-can-rayo\/","og_locale":"es_ES","og_type":"article","og_title":"Acerca de Can Rayo - Schnauzer Miniatura Negro de Can Rayo","og_description":"[:es]\u00bfQui\u00e9nes somos? Miquel Brunells, propietario del afijo Can Rayo y criador de schnauzer miniatura negro. Barcelona.[:]","og_url":"https:\/\/www.canrayo.com\/ca\/acerca-de-can-rayo\/","og_site_name":"Schnauzer Miniatura Negro de Can Rayo","article_publisher":"https:\/\/www.facebook.com\/can.rayo","article_modified_time":"2025-11-29T10:45:08+00:00","og_image":[{"width":1392,"height":2048,"url":"https:\/\/www.canrayo.com\/wp-content\/uploads\/2025\/03\/Miquel-y-Olga-con-Schnuzer-miniatura-negro-Ziggy-Stardust-de-CAN-RAYO.jpg","type":"image\/jpeg"}],"twitter_card":"summary_large_image","twitter_misc":{"Est. reading time":"1 minute"},"schema":{"@context":"https:\/\/schema.org","@graph":[{"@type":"WebPage","@id":"https:\/\/www.canrayo.com\/acerca-de-can-rayo\/","url":"https:\/\/www.canrayo.com\/acerca-de-can-rayo\/","name":"Acerca de Can Rayo - Schnauzer Miniatura Negro de Can Rayo","isPartOf":{"@id":"https:\/\/www.canrayo.com\/#website"},"primaryImageOfPage":{"@id":"https:\/\/www.canrayo.com\/acerca-de-can-rayo\/#primaryimage"},"image":{"@id":"https:\/\/www.canrayo.com\/acerca-de-can-rayo\/#primaryimage"},"thumbnailUrl":"https:\/\/www.canrayo.com\/wp-content\/uploads\/2025\/03\/Miquel-y-Olga-con-Schnuzer-miniatura-negro-Ziggy-Stardust-de-CAN-RAYO-408x600.jpg","datePublished":"2025-11-29T10:36:06+00:00","dateModified":"2025-11-29T10:45:08+00:00","description":"\u00bfQui\u00e9nes somos? Miquel Brunells, propietario del afijo Can Rayo y criador de schnauzer miniatura negro. Barcelona.","breadcrumb":{"@id":"https:\/\/www.canrayo.com\/acerca-de-can-rayo\/#breadcrumb"},"inLanguage":"es-CA","potentialAction":[{"@type":"ReadAction","target":["https:\/\/www.canrayo.com\/acerca-de-can-rayo\/"]}]},{"@type":"ImageObject","inLanguage":"es-CA","@id":"https:\/\/www.canrayo.com\/acerca-de-can-rayo\/#primaryimage","url":"https:\/\/www.canrayo.com\/wp-content\/uploads\/2025\/03\/Miquel-y-Olga-con-Schnuzer-miniatura-negro-Ziggy-Stardust-de-CAN-RAYO-408x600.jpg","contentUrl":"https:\/\/www.canrayo.com\/wp-content\/uploads\/2025\/03\/Miquel-y-Olga-con-Schnuzer-miniatura-negro-Ziggy-Stardust-de-CAN-RAYO-408x600.jpg"},{"@type":"BreadcrumbList","@id":"https:\/\/www.canrayo.com\/acerca-de-can-rayo\/#breadcrumb","itemListElement":[{"@type":"ListItem","position":1,"name":"Portada","item":"https:\/\/www.canrayo.com\/ca\/"},{"@type":"ListItem","position":2,"name":"Acerca de Can Rayo"}]},{"@type":"WebSite","@id":"https:\/\/www.canrayo.com\/#website","url":"https:\/\/www.canrayo.com\/","name":"Schnauzer Miniatura Negro de Can Rayo","description":"Can Rayo. Criador de Schnauzer Miniatura Negro - Afijo RSCE 528 \u2013 FCI 30\/71","publisher":{"@id":"https:\/\/www.canrayo.com\/#organization"},"potentialAction":[{"@type":"SearchAction","target":{"@type":"EntryPoint","urlTemplate":"https:\/\/www.canrayo.com\/?s={search_term_string}"},"query-input":{"@type":"PropertyValueSpecification","valueRequired":true,"valueName":"search_term_string"}}],"inLanguage":"es-CA"},{"@type":"Organization","@id":"https:\/\/www.canrayo.com\/#organization","name":"Schnauzer Miniatura Negro de Can Rayo","url":"https:\/\/www.canrayo.com\/","logo":{"@type":"ImageObject","inLanguage":"es-CA","@id":"https:\/\/www.canrayo.com\/#\/schema\/logo\/image\/","url":"https:\/\/www.canrayo.com\/wp-content\/uploads\/2022\/05\/logo-rojo-fondo-transparente.png","contentUrl":"https:\/\/www.canrayo.com\/wp-content\/uploads\/2022\/05\/logo-rojo-fondo-transparente.png","width":2272,"height":494,"caption":"Schnauzer Miniatura Negro de Can Rayo"},"image":{"@id":"https:\/\/www.canrayo.com\/#\/schema\/logo\/image\/"},"sameAs":["https:\/\/www.facebook.com\/can.rayo","https:\/\/www.instagram.com\/canrayo_schnauzer"]}]}},"_links":{"self":[{"href":"https:\/\/www.canrayo.com\/ca\/wp-json\/wp\/v2\/pages\/6719","targetHints":{"allow":["GET"]}}],"collection":[{"href":"https:\/\/www.canrayo.com\/ca\/wp-json\/wp\/v2\/pages"}],"about":[{"href":"https:\/\/www.canrayo.com\/ca\/wp-json\/wp\/v2\/types\/page"}],"author":[{"embeddable":true,"href":"https:\/\/www.canrayo.com\/ca\/wp-json\/wp\/v2\/users\/4"}],"replies":[{"embeddable":true,"href":"https:\/\/www.canrayo.com\/ca\/wp-json\/wp\/v2\/comments?post=6719"}],"version-history":[{"count":6,"href":"https:\/\/www.canrayo.com\/ca\/wp-json\/wp\/v2\/pages\/6719\/revisions"}],"predecessor-version":[{"id":6726,"href":"https:\/\/www.canrayo.com\/ca\/wp-json\/wp\/v2\/pages\/6719\/revisions\/6726"}],"wp:attachment":[{"href":"https:\/\/www.canrayo.com\/ca\/wp-json\/wp\/v2\/media?parent=6719"}],"curies":[{"name":"wp","href":"https:\/\/api.w.org\/{rel}","templated":true}]}}